{"id":546,"date":"2018-07-25T10:13:13","date_gmt":"2018-07-25T13:13:13","guid":{"rendered":"http:\/\/multitekinfo.com.br\/index.php\/hestia-front\/"},"modified":"2018-08-01T14:44:24","modified_gmt":"2018-08-01T17:44:24","slug":"hestia-front","status":"publish","type":"page","link":"https:\/\/multitekinfo.com.br\/","title":{"rendered":"Bem vindo"},"content":{"rendered":"<div class=\"row\">\n<div class=\"col-md-8 col-md-offset-2 text-center\">\n<h2 class=\"hestia-title\">Multitek Info<\/h2>\n<h5 class=\"description\">Uma empresa com experi\u00eancia e dedica\u00e7\u00e3o.<\/h5>\n<\/div>\n<\/div>\n<div class=\"row\">\n<div class=\"col-md-4 text-right\">\n<h3>Buscando sempre o melhor resultado.<\/h3>\n<\/div>\n<div class=\"col-md-4\">\n<p>Contamos com profissionais que est\u00e3o no mercado atuando a mais de 10 anos na \u00e1rea de Tecnologia. Podendo assim ter uma vis\u00e3o bem ampla para todas as necessidades dos nossos clientes. Sempre visamos a solu\u00e7\u00e3o dos seus problemas de forma r\u00e1pida, f\u00e1cil e claro acess\u00edvel a todos.<\/p>\n<\/div>\n<div class=\"col-md-4\">\n<div class=\"row\">\n<div class=\"progress progress1\"><span class=\"progress-left\"><br \/>\n<span class=\"progress-bar\"><\/span><br \/>\n<\/span><br \/>\n<span class=\"progress-right\"><br \/>\n<span class=\"progress-bar\"><\/span><br \/>\n<\/span><\/p>\n<div class=\"progress-value\">93%<\/div>\n<\/div>\n<h6 class=\"category\">Infra Estrutura<\/h6>\n<p>Toda a infra estrutura da sua empresa relacionada a Tecnologia. Desde rede cabeada at\u00e9 Sistemas de gerenciamento.<\/p>\n<\/div>\n<div class=\"row\">\n<div class=\"progress progress2\"><span class=\"progress-left\"><br \/>\n<span class=\"progress-bar\"><\/span><br \/>\n<\/span><br \/>\n<span class=\"progress-right\"><br \/>\n<span class=\"progress-bar\"><\/span><br \/>\n<\/span><\/p>\n<div class=\"progress-value\">98%<\/div>\n<\/div>\n<h6 class=\"category\">Suporte remoto<\/h6>\n<p>Adotamos um m\u00e9todo de acesso remoto na quest\u00e3o de suporte. Podendo atende-lo prontamente sem demoras.<\/p>\n<\/div>\n<div class=\"row\">\n<div class=\"progress progress3\"><span class=\"progress-left\"><br \/>\n<span class=\"progress-bar\"><\/span><br \/>\n<\/span><br \/>\n<span class=\"progress-right\"><br \/>\n<span class=\"progress-bar\"><\/span><br \/>\n<\/span><\/p>\n<div class=\"progress-value\">89%<\/div>\n<\/div>\n<h6 class=\"category\">assessoria em tecnologia<\/h6>\n<p>Com nosso conhecimento poderemos resolver o seu problema prontamente visando sempre a melhor solu\u00e7\u00e3o para cada caso especifico.<\/p>\n<\/div>\n<\/div>\n<\/div>\n","protected":false},"excerpt":{"rendered":"<p>Multitek Info Uma empresa com experi\u00eancia e dedica\u00e7\u00e3o. Buscando sempre o melhor resultado. Contamos com profissionais que est\u00e3o no mercado atuando a mais de 10 anos na \u00e1rea de Tecnologia. Podendo assim ter uma vis\u00e3o bem ampla para todas as necessidades dos nossos clientes. Sempre visamos a solu\u00e7\u00e3o dos seus [&hellip;]<\/p>\n","protected":false},"author":1,"featured_media":0,"parent":0,"menu_order":0,"comment_status":"closed","ping_status":"closed","template":"","meta":{"jetpack_post_was_ever_published":false,"footnotes":""},"class_list":["post-546","page","type-page","status-publish","hentry"],"yoast_head":"<!-- This site is optimized with the Yoast SEO plugin v25.5 - https:\/\/yoast.com\/wordpress\/plugins\/seo\/ -->\n<title>Bem vindo - Multitek Info<\/title>\n<meta name=\"robots\" content=\"index, follow, max-snippet:-1, max-image-preview:large, max-video-preview:-1\" \/>\n<link rel=\"canonical\" href=\"https:\/\/multitekinfo.com.br\/\" \/>\n<meta property=\"og:locale\" content=\"pt_BR\" \/>\n<meta property=\"og:type\" content=\"article\" \/>\n<meta property=\"og:title\" content=\"Bem vindo - Multitek Info\" \/>\n<meta property=\"og:description\" content=\"Multitek Info Uma empresa com experi\u00eancia e dedica\u00e7\u00e3o. Buscando sempre o melhor resultado. Contamos com profissionais que est\u00e3o no mercado atuando a mais de 10 anos na \u00e1rea de Tecnologia. Podendo assim ter uma vis\u00e3o bem ampla para todas as necessidades dos nossos clientes. Sempre visamos a solu\u00e7\u00e3o dos seus [&hellip;]\" \/>\n<meta property=\"og:url\" content=\"https:\/\/multitekinfo.com.br\/\" \/>\n<meta property=\"og:site_name\" content=\"Multitek Info\" \/>\n<meta property=\"article:modified_time\" content=\"2018-08-01T17:44:24+00:00\" \/>\n<meta name=\"twitter:card\" content=\"summary_large_image\" \/>\n<meta name=\"twitter:label1\" content=\"Est. tempo de leitura\" \/>\n\t<meta name=\"twitter:data1\" content=\"1 minuto\" \/>\n<script type=\"application\/ld+json\" class=\"yoast-schema-graph\">{\"@context\":\"https:\/\/schema.org\",\"@graph\":[{\"@type\":\"WebPage\",\"@id\":\"https:\/\/multitekinfo.com.br\/\",\"url\":\"https:\/\/multitekinfo.com.br\/\",\"name\":\"Bem vindo - Multitek Info\",\"isPartOf\":{\"@id\":\"https:\/\/multitekinfo.com.br\/#website\"},\"datePublished\":\"2018-07-25T13:13:13+00:00\",\"dateModified\":\"2018-08-01T17:44:24+00:00\",\"breadcrumb\":{\"@id\":\"https:\/\/multitekinfo.com.br\/#breadcrumb\"},\"inLanguage\":\"pt-BR\",\"potentialAction\":[{\"@type\":\"ReadAction\",\"target\":[\"https:\/\/multitekinfo.com.br\/\"]}]},{\"@type\":\"BreadcrumbList\",\"@id\":\"https:\/\/multitekinfo.com.br\/#breadcrumb\",\"itemListElement\":[{\"@type\":\"ListItem\",\"position\":1,\"name\":\"In\u00edcio\",\"item\":\"https:\/\/multitekinfo.com.br\/\"},{\"@type\":\"ListItem\",\"position\":2,\"name\":\"Bem vindo\"}]},{\"@type\":\"WebSite\",\"@id\":\"https:\/\/multitekinfo.com.br\/#website\",\"url\":\"https:\/\/multitekinfo.com.br\/\",\"name\":\"Multitek Info\",\"description\":\"A sua melhor op\u00e7\u00e3o em tecnologia\",\"publisher\":{\"@id\":\"https:\/\/multitekinfo.com.br\/#organization\"},\"potentialAction\":[{\"@type\":\"SearchAction\",\"target\":{\"@type\":\"EntryPoint\",\"urlTemplate\":\"https:\/\/multitekinfo.com.br\/?s={search_term_string}\"},\"query-input\":{\"@type\":\"PropertyValueSpecification\",\"valueRequired\":true,\"valueName\":\"search_term_string\"}}],\"inLanguage\":\"pt-BR\"},{\"@type\":\"Organization\",\"@id\":\"https:\/\/multitekinfo.com.br\/#organization\",\"name\":\"Multitek Info\",\"url\":\"https:\/\/multitekinfo.com.br\/\",\"logo\":{\"@type\":\"ImageObject\",\"inLanguage\":\"pt-BR\",\"@id\":\"https:\/\/multitekinfo.com.br\/#\/schema\/logo\/image\/\",\"url\":\"https:\/\/multitekinfo.com.br\/wp-content\/uploads\/2016\/06\/Multitekinfo-PNG.png\",\"contentUrl\":\"https:\/\/multitekinfo.com.br\/wp-content\/uploads\/2016\/06\/Multitekinfo-PNG.png\",\"width\":960,\"height\":727,\"caption\":\"Multitek Info\"},\"image\":{\"@id\":\"https:\/\/multitekinfo.com.br\/#\/schema\/logo\/image\/\"}}]}<\/script>\n<!-- \/ Yoast SEO plugin. -->","yoast_head_json":{"title":"Bem vindo - Multitek Info","robots":{"index":"index","follow":"follow","max-snippet":"max-snippet:-1","max-image-preview":"max-image-preview:large","max-video-preview":"max-video-preview:-1"},"canonical":"https:\/\/multitekinfo.com.br\/","og_locale":"pt_BR","og_type":"article","og_title":"Bem vindo - Multitek Info","og_description":"Multitek Info Uma empresa com experi\u00eancia e dedica\u00e7\u00e3o. Buscando sempre o melhor resultado. Contamos com profissionais que est\u00e3o no mercado atuando a mais de 10 anos na \u00e1rea de Tecnologia. Podendo assim ter uma vis\u00e3o bem ampla para todas as necessidades dos nossos clientes. Sempre visamos a solu\u00e7\u00e3o dos seus [&hellip;]","og_url":"https:\/\/multitekinfo.com.br\/","og_site_name":"Multitek Info","article_modified_time":"2018-08-01T17:44:24+00:00","twitter_card":"summary_large_image","twitter_misc":{"Est. tempo de leitura":"1 minuto"},"schema":{"@context":"https:\/\/schema.org","@graph":[{"@type":"WebPage","@id":"https:\/\/multitekinfo.com.br\/","url":"https:\/\/multitekinfo.com.br\/","name":"Bem vindo - Multitek Info","isPartOf":{"@id":"https:\/\/multitekinfo.com.br\/#website"},"datePublished":"2018-07-25T13:13:13+00:00","dateModified":"2018-08-01T17:44:24+00:00","breadcrumb":{"@id":"https:\/\/multitekinfo.com.br\/#breadcrumb"},"inLanguage":"pt-BR","potentialAction":[{"@type":"ReadAction","target":["https:\/\/multitekinfo.com.br\/"]}]},{"@type":"BreadcrumbList","@id":"https:\/\/multitekinfo.com.br\/#breadcrumb","itemListElement":[{"@type":"ListItem","position":1,"name":"In\u00edcio","item":"https:\/\/multitekinfo.com.br\/"},{"@type":"ListItem","position":2,"name":"Bem vindo"}]},{"@type":"WebSite","@id":"https:\/\/multitekinfo.com.br\/#website","url":"https:\/\/multitekinfo.com.br\/","name":"Multitek Info","description":"A sua melhor op\u00e7\u00e3o em tecnologia","publisher":{"@id":"https:\/\/multitekinfo.com.br\/#organization"},"potentialAction":[{"@type":"SearchAction","target":{"@type":"EntryPoint","urlTemplate":"https:\/\/multitekinfo.com.br\/?s={search_term_string}"},"query-input":{"@type":"PropertyValueSpecification","valueRequired":true,"valueName":"search_term_string"}}],"inLanguage":"pt-BR"},{"@type":"Organization","@id":"https:\/\/multitekinfo.com.br\/#organization","name":"Multitek Info","url":"https:\/\/multitekinfo.com.br\/","logo":{"@type":"ImageObject","inLanguage":"pt-BR","@id":"https:\/\/multitekinfo.com.br\/#\/schema\/logo\/image\/","url":"https:\/\/multitekinfo.com.br\/wp-content\/uploads\/2016\/06\/Multitekinfo-PNG.png","contentUrl":"https:\/\/multitekinfo.com.br\/wp-content\/uploads\/2016\/06\/Multitekinfo-PNG.png","width":960,"height":727,"caption":"Multitek Info"},"image":{"@id":"https:\/\/multitekinfo.com.br\/#\/schema\/logo\/image\/"}}]}},"jetpack_sharing_enabled":true,"jetpack_shortlink":"https:\/\/wp.me\/P88NPP-8O","jetpack-related-posts":[],"jetpack_likes_enabled":true,"_links":{"self":[{"href":"https:\/\/multitekinfo.com.br\/index.php\/wp-json\/wp\/v2\/pages\/546","targetHints":{"allow":["GET"]}}],"collection":[{"href":"https:\/\/multitekinfo.com.br\/index.php\/wp-json\/wp\/v2\/pages"}],"about":[{"href":"https:\/\/multitekinfo.com.br\/index.php\/wp-json\/wp\/v2\/types\/page"}],"author":[{"embeddable":true,"href":"https:\/\/multitekinfo.com.br\/index.php\/wp-json\/wp\/v2\/users\/1"}],"replies":[{"embeddable":true,"href":"https:\/\/multitekinfo.com.br\/index.php\/wp-json\/wp\/v2\/comments?post=546"}],"version-history":[{"count":2,"href":"https:\/\/multitekinfo.com.br\/index.php\/wp-json\/wp\/v2\/pages\/546\/revisions"}],"predecessor-version":[{"id":597,"href":"https:\/\/multitekinfo.com.br\/index.php\/wp-json\/wp\/v2\/pages\/546\/revisions\/597"}],"wp:attachment":[{"href":"https:\/\/multitekinfo.com.br\/index.php\/wp-json\/wp\/v2\/media?parent=546"}],"curies":[{"name":"wp","href":"https:\/\/api.w.org\/{rel}","templated":true}]}}