{"id":86,"date":"2016-11-22T14:41:13","date_gmt":"2016-11-22T17:41:13","guid":{"rendered":"http:\/\/multitekinfo.com.br\/?page_id=86"},"modified":"2018-12-12T15:53:59","modified_gmt":"2018-12-12T18:53:59","slug":"saiba-mais","status":"publish","type":"page","link":"https:\/\/multitekinfo.com.br\/index.php\/saiba-mais\/","title":{"rendered":"Saiba mais"},"content":{"rendered":"<section id=\"vantagens\" class=\"first \">\n<h3 style=\"text-align: justify;\">Vantagens<\/h3>\n<p style=\"text-align: justify;\">A internet \u00e9 um importante canal para o posicionamento de marca e de amplia\u00e7\u00e3o de acesso ao mercado para oferta de produtos e servi\u00e7os, bem como de constru\u00e7\u00e3o de relacionamento com o cliente, independentemente de barreiras geogr\u00e1ficas.<\/p>\n<p>A presen\u00e7a das empresas na internet \u00e9 um caminho inevit\u00e1vel na medida em que vez mais pessoas a utilizam para realizar pesquisas, acessar informa\u00e7\u00f5es, se comunicar por redes sociais e, \u00e9 claro: fazer neg\u00f3cios.<\/p>\n<p>Existem pelo menos tr\u00eas grandes vantagens que um bom posicionamento na internet pode trazer para o neg\u00f3cio:<\/p>\n<ul style=\"text-align: justify;\">\n<li><strong>Ser facilmente encontrado:<\/strong> as pessoas costumam realizar pesquisas na internet devido \u00e0 comodidade e efici\u00eancia. Com a presen\u00e7a na internet, a classifica\u00e7\u00e3o adequada de informa\u00e7\u00f5es por relev\u00e2ncia e a otimiza\u00e7\u00e3o de canais s\u00e3o itens importantes para que os mecanismos de busca classifiquem a pesquisa e as entreguem ao cliente.<\/li>\n<li><strong>Construir reputa\u00e7\u00e3o e relacionamento:<\/strong> assim que a empresa for encontrada, o cliente decidir\u00e1 se permanecer\u00e1 ou n\u00e3o no canal (redes sociais, site, outros). A oportunidade \u00e9 \u00fanica, portanto, dever\u00e1 ser bem aproveitada, j\u00e1 que \u00e9 o in\u00edcio de um relacionamento. Para manter o cliente em seu canal \u00e9 importante que haja informa\u00e7\u00f5es relevantes, promo\u00e7\u00f5es e outras estrat\u00e9gias na internet que o conven\u00e7am a trocar dados de cadastro para o posterior desenvolvimento de a\u00e7\u00f5es de relacionamento.<\/li>\n<li><strong>Otimizar processos para novos neg\u00f3cios:<\/strong> empresas como restaurantes, pizzarias e lanchonetes devem apresentar seus card\u00e1pios com textos bem elaborados e fotos que realmente impressionam. Por\u00e9m, pense al\u00e9m das informa\u00e7\u00f5es b\u00e1sicas, como por exemplo, uma ferramenta para pedidos que facilite a vida do cliente. Com isso, voc\u00ea ter\u00e1 o contato do cliente, sua prefer\u00eancia e poder\u00e1 conhecer mais seu comportamento. Essas informa\u00e7\u00f5es s\u00e3o um verdadeiro tesouro e possibilitam estreitar relacionamento por e-mail, disponibilizar ofertas exclusivas, presentear o cliente em seu anivers\u00e1rio, entre outras a\u00e7\u00f5es criativas.<\/li>\n<\/ul>\n<\/section>\n<section id=\"dicas\">\n<h3 style=\"text-align: justify;\">Dicas<\/h3>\n<p style=\"text-align: justify;\"><strong>Algumas maneiras de usar a internet para alavancar neg\u00f3cios<\/strong><\/p>\n<ul>\n<li style=\"text-align: justify;\">Disponibilizar informa\u00e7\u00f5es sobre a empresa.<\/li>\n<li style=\"text-align: justify;\">Fazer um pequeno an\u00fancio, como numa revista ou jornal.<\/li>\n<li style=\"text-align: justify;\">Automaticamente: distribuir dados, palestras, discursos, cartas da empresa e muito mais, via e-mail.<\/li>\n<li style=\"text-align: justify;\">Promover produtos e servi\u00e7os para o mundo.<\/li>\n<li style=\"text-align: justify;\">Mostrar novidades e lan\u00e7amentos.<\/li>\n<li style=\"text-align: justify;\">Atrair novos clientes.<\/li>\n<li style=\"text-align: justify;\">Prover comunica\u00e7\u00e3o com prov\u00e1veis e j\u00e1 existentes clientes, via e-mail, formul\u00e1rio eletr\u00f4nico, blogs e redes sociais.<\/li>\n<li style=\"text-align: justify;\">Responder \u00e0s perguntas mais frequentes (FAQ).<\/li>\n<li style=\"text-align: justify;\">Permitir aos clientes preencher os formul\u00e1rios eletr\u00f4nicos com ordens de compras dos produtos.<\/li>\n<li style=\"text-align: justify;\">Receber relat\u00f3rios com informa\u00e7\u00f5es e estat\u00edsticas sobre a origem das visitas e os interesses dos visitantes.<\/li>\n<li style=\"text-align: justify;\">Abrir novos mercados, imposs\u00edveis de serem atingidos sem grandes despesas com propaganda.<\/li>\n<\/ul>\n<\/section>\n","protected":false},"excerpt":{"rendered":"<p>Vantagens A internet \u00e9 um importante canal para o posicionamento de marca e de amplia\u00e7\u00e3o de acesso ao mercado para oferta de produtos e servi\u00e7os, bem como de constru\u00e7\u00e3o de relacionamento com o cliente, independentemente de barreiras geogr\u00e1ficas. A presen\u00e7a das empresas na internet \u00e9 um caminho inevit\u00e1vel na medida [&hellip;]<\/p>\n","protected":false},"author":1,"featured_media":0,"parent":0,"menu_order":0,"comment_status":"closed","ping_status":"closed","template":"","meta":{"jetpack_post_was_ever_published":false,"footnotes":""},"class_list":["post-86","page","type-page","status-publish","hentry"],"yoast_head":"<!-- This site is optimized with the Yoast SEO plugin v25.5 - https:\/\/yoast.com\/wordpress\/plugins\/seo\/ -->\n<title>Saiba mais - Multitek Info<\/title>\n<meta name=\"robots\" content=\"index, follow, max-snippet:-1, max-image-preview:large, max-video-preview:-1\" \/>\n<link rel=\"canonical\" href=\"https:\/\/multitekinfo.com.br\/index.php\/saiba-mais\/\" \/>\n<meta property=\"og:locale\" content=\"pt_BR\" \/>\n<meta property=\"og:type\" content=\"article\" \/>\n<meta property=\"og:title\" content=\"Saiba mais - Multitek Info\" \/>\n<meta property=\"og:description\" content=\"Vantagens A internet \u00e9 um importante canal para o posicionamento de marca e de amplia\u00e7\u00e3o de acesso ao mercado para oferta de produtos e servi\u00e7os, bem como de constru\u00e7\u00e3o de relacionamento com o cliente, independentemente de barreiras geogr\u00e1ficas. A presen\u00e7a das empresas na internet \u00e9 um caminho inevit\u00e1vel na medida [&hellip;]\" \/>\n<meta property=\"og:url\" content=\"https:\/\/multitekinfo.com.br\/index.php\/saiba-mais\/\" \/>\n<meta property=\"og:site_name\" content=\"Multitek Info\" \/>\n<meta property=\"article:modified_time\" content=\"2018-12-12T18:53:59+00:00\" \/>\n<meta name=\"twitter:card\" content=\"summary_large_image\" \/>\n<meta name=\"twitter:label1\" content=\"Est. tempo de leitura\" \/>\n\t<meta name=\"twitter:data1\" content=\"2 minutos\" \/>\n<script type=\"application\/ld+json\" class=\"yoast-schema-graph\">{\"@context\":\"https:\/\/schema.org\",\"@graph\":[{\"@type\":\"WebPage\",\"@id\":\"https:\/\/multitekinfo.com.br\/index.php\/saiba-mais\/\",\"url\":\"https:\/\/multitekinfo.com.br\/index.php\/saiba-mais\/\",\"name\":\"Saiba mais - Multitek Info\",\"isPartOf\":{\"@id\":\"https:\/\/multitekinfo.com.br\/#website\"},\"datePublished\":\"2016-11-22T17:41:13+00:00\",\"dateModified\":\"2018-12-12T18:53:59+00:00\",\"breadcrumb\":{\"@id\":\"https:\/\/multitekinfo.com.br\/index.php\/saiba-mais\/#breadcrumb\"},\"inLanguage\":\"pt-BR\",\"potentialAction\":[{\"@type\":\"ReadAction\",\"target\":[\"https:\/\/multitekinfo.com.br\/index.php\/saiba-mais\/\"]}]},{\"@type\":\"BreadcrumbList\",\"@id\":\"https:\/\/multitekinfo.com.br\/index.php\/saiba-mais\/#breadcrumb\",\"itemListElement\":[{\"@type\":\"ListItem\",\"position\":1,\"name\":\"In\u00edcio\",\"item\":\"https:\/\/multitekinfo.com.br\/\"},{\"@type\":\"ListItem\",\"position\":2,\"name\":\"Saiba mais\"}]},{\"@type\":\"WebSite\",\"@id\":\"https:\/\/multitekinfo.com.br\/#website\",\"url\":\"https:\/\/multitekinfo.com.br\/\",\"name\":\"Multitek Info\",\"description\":\"A sua melhor op\u00e7\u00e3o em tecnologia\",\"publisher\":{\"@id\":\"https:\/\/multitekinfo.com.br\/#organization\"},\"potentialAction\":[{\"@type\":\"SearchAction\",\"target\":{\"@type\":\"EntryPoint\",\"urlTemplate\":\"https:\/\/multitekinfo.com.br\/?s={search_term_string}\"},\"query-input\":{\"@type\":\"PropertyValueSpecification\",\"valueRequired\":true,\"valueName\":\"search_term_string\"}}],\"inLanguage\":\"pt-BR\"},{\"@type\":\"Organization\",\"@id\":\"https:\/\/multitekinfo.com.br\/#organization\",\"name\":\"Multitek Info\",\"url\":\"https:\/\/multitekinfo.com.br\/\",\"logo\":{\"@type\":\"ImageObject\",\"inLanguage\":\"pt-BR\",\"@id\":\"https:\/\/multitekinfo.com.br\/#\/schema\/logo\/image\/\",\"url\":\"https:\/\/multitekinfo.com.br\/wp-content\/uploads\/2016\/06\/Multitekinfo-PNG.png\",\"contentUrl\":\"https:\/\/multitekinfo.com.br\/wp-content\/uploads\/2016\/06\/Multitekinfo-PNG.png\",\"width\":960,\"height\":727,\"caption\":\"Multitek Info\"},\"image\":{\"@id\":\"https:\/\/multitekinfo.com.br\/#\/schema\/logo\/image\/\"}}]}<\/script>\n<!-- \/ Yoast SEO plugin. -->","yoast_head_json":{"title":"Saiba mais - Multitek Info","robots":{"index":"index","follow":"follow","max-snippet":"max-snippet:-1","max-image-preview":"max-image-preview:large","max-video-preview":"max-video-preview:-1"},"canonical":"https:\/\/multitekinfo.com.br\/index.php\/saiba-mais\/","og_locale":"pt_BR","og_type":"article","og_title":"Saiba mais - Multitek Info","og_description":"Vantagens A internet \u00e9 um importante canal para o posicionamento de marca e de amplia\u00e7\u00e3o de acesso ao mercado para oferta de produtos e servi\u00e7os, bem como de constru\u00e7\u00e3o de relacionamento com o cliente, independentemente de barreiras geogr\u00e1ficas. A presen\u00e7a das empresas na internet \u00e9 um caminho inevit\u00e1vel na medida [&hellip;]","og_url":"https:\/\/multitekinfo.com.br\/index.php\/saiba-mais\/","og_site_name":"Multitek Info","article_modified_time":"2018-12-12T18:53:59+00:00","twitter_card":"summary_large_image","twitter_misc":{"Est. tempo de leitura":"2 minutos"},"schema":{"@context":"https:\/\/schema.org","@graph":[{"@type":"WebPage","@id":"https:\/\/multitekinfo.com.br\/index.php\/saiba-mais\/","url":"https:\/\/multitekinfo.com.br\/index.php\/saiba-mais\/","name":"Saiba mais - Multitek Info","isPartOf":{"@id":"https:\/\/multitekinfo.com.br\/#website"},"datePublished":"2016-11-22T17:41:13+00:00","dateModified":"2018-12-12T18:53:59+00:00","breadcrumb":{"@id":"https:\/\/multitekinfo.com.br\/index.php\/saiba-mais\/#breadcrumb"},"inLanguage":"pt-BR","potentialAction":[{"@type":"ReadAction","target":["https:\/\/multitekinfo.com.br\/index.php\/saiba-mais\/"]}]},{"@type":"BreadcrumbList","@id":"https:\/\/multitekinfo.com.br\/index.php\/saiba-mais\/#breadcrumb","itemListElement":[{"@type":"ListItem","position":1,"name":"In\u00edcio","item":"https:\/\/multitekinfo.com.br\/"},{"@type":"ListItem","position":2,"name":"Saiba mais"}]},{"@type":"WebSite","@id":"https:\/\/multitekinfo.com.br\/#website","url":"https:\/\/multitekinfo.com.br\/","name":"Multitek Info","description":"A sua melhor op\u00e7\u00e3o em tecnologia","publisher":{"@id":"https:\/\/multitekinfo.com.br\/#organization"},"potentialAction":[{"@type":"SearchAction","target":{"@type":"EntryPoint","urlTemplate":"https:\/\/multitekinfo.com.br\/?s={search_term_string}"},"query-input":{"@type":"PropertyValueSpecification","valueRequired":true,"valueName":"search_term_string"}}],"inLanguage":"pt-BR"},{"@type":"Organization","@id":"https:\/\/multitekinfo.com.br\/#organization","name":"Multitek Info","url":"https:\/\/multitekinfo.com.br\/","logo":{"@type":"ImageObject","inLanguage":"pt-BR","@id":"https:\/\/multitekinfo.com.br\/#\/schema\/logo\/image\/","url":"https:\/\/multitekinfo.com.br\/wp-content\/uploads\/2016\/06\/Multitekinfo-PNG.png","contentUrl":"https:\/\/multitekinfo.com.br\/wp-content\/uploads\/2016\/06\/Multitekinfo-PNG.png","width":960,"height":727,"caption":"Multitek Info"},"image":{"@id":"https:\/\/multitekinfo.com.br\/#\/schema\/logo\/image\/"}}]}},"jetpack_sharing_enabled":true,"jetpack_shortlink":"https:\/\/wp.me\/P88NPP-1o","jetpack-related-posts":[],"jetpack_likes_enabled":true,"_links":{"self":[{"href":"https:\/\/multitekinfo.com.br\/index.php\/wp-json\/wp\/v2\/pages\/86","targetHints":{"allow":["GET"]}}],"collection":[{"href":"https:\/\/multitekinfo.com.br\/index.php\/wp-json\/wp\/v2\/pages"}],"about":[{"href":"https:\/\/multitekinfo.com.br\/index.php\/wp-json\/wp\/v2\/types\/page"}],"author":[{"embeddable":true,"href":"https:\/\/multitekinfo.com.br\/index.php\/wp-json\/wp\/v2\/users\/1"}],"replies":[{"embeddable":true,"href":"https:\/\/multitekinfo.com.br\/index.php\/wp-json\/wp\/v2\/comments?post=86"}],"version-history":[{"count":2,"href":"https:\/\/multitekinfo.com.br\/index.php\/wp-json\/wp\/v2\/pages\/86\/revisions"}],"predecessor-version":[{"id":630,"href":"https:\/\/multitekinfo.com.br\/index.php\/wp-json\/wp\/v2\/pages\/86\/revisions\/630"}],"wp:attachment":[{"href":"https:\/\/multitekinfo.com.br\/index.php\/wp-json\/wp\/v2\/media?parent=86"}],"curies":[{"name":"wp","href":"https:\/\/api.w.org\/{rel}","templated":true}]}}